{"id":3301,"date":"2023-02-10T11:54:10","date_gmt":"2023-02-10T10:54:10","guid":{"rendered":"https:\/\/bonsandratx.com\/?page_id=3301"},"modified":"2023-02-10T11:57:09","modified_gmt":"2023-02-10T10:57:09","slug":"politica-de-cookies","status":"publish","type":"page","link":"https:\/\/bonsandratx.com\/es\/politica-de-cookies\/","title":{"rendered":"Pol\u00edtica de cookies"},"content":{"rendered":"<div class=\"fusion-fullwidth fullwidth-box fusion-builder-row-1 fusion-flex-container has-pattern-background has-mask-background nonhundred-percent-fullwidth non-hundred-percent-height-scrolling\" style=\"--awb-border-radius-top-left:0px;--awb-border-radius-top-right:0px;--awb-border-radius-bottom-right:0px;--awb-border-radius-bottom-left:0px;--awb-flex-wrap:wrap;\" ><div class=\"fusion-builder-row fusion-row fusion-flex-align-items-flex-start fusion-flex-content-wrap\" style=\"max-width:1144px;margin-left: calc(-4% \/ 2 );margin-right: calc(-4% \/ 2 );\"><div class=\"fusion-layout-column fusion_builder_column fusion-builder-column-0 fusion_builder_column_1_1 1_1 fusion-flex-column\" style=\"--awb-bg-size:cover;--awb-width-large:100%;--awb-margin-top-large:0px;--awb-spacing-right-large:1.92%;--awb-margin-bottom-large:0px;--awb-spacing-left-large:1.92%;--awb-width-medium:100%;--awb-order-medium:0;--awb-spacing-right-medium:1.92%;--awb-spacing-left-medium:1.92%;--awb-width-small:100%;--awb-order-small:0;--awb-spacing-right-small:1.92%;--awb-spacing-left-small:1.92%;\"><div class=\"fusion-column-wrapper fusion-column-has-shadow fusion-flex-justify-content-flex-start fusion-content-layout-column\"><div class=\"fusion-text fusion-text-1\"><div class=\"fusion-fullwidth fullwidth-box fusion-builder-row-2 nonhundred-percent-fullwidth non-hundred-percent-height-scrolling\">\n<div class=\"fusion-builder-row fusion-row\">\n<div class=\"fusion-layout-column fusion_builder_column fusion-builder-column-3 fusion_builder_column_1_1 1_1 fusion-one-full fusion-column-first fusion-column-last\">\n<div class=\"fusion-column-wrapper fusion-flex-column-wrapper-legacy\">\n<div class=\"fusion-title title fusion-title-1 fusion-sep-none fusion-title-center fusion-title-text fusion-title-size-one\">\n<h1 style=\"text-align: left;\">Pol\u00edtica de cookies<\/h1>\n<h2 style=\"text-align: left;\">1. DEFINICI\u00d3N<\/h2>\n<p style=\"text-align: left;\">Las cookies son ficheros de peque\u00f1a dimensi\u00f3n que se instalan en los dispositivos m\u00f3viles y ordenadores cuando el usuario navega a trav\u00e9s de las p\u00e1ginas WEB.<\/p>\n<h2 style=\"text-align: left;\">2. CONSENTIMIENTO<\/h2>\n<p style=\"text-align: left;\">Al navegar y continuar en nuestro sitio web, estar\u00e1 consintiendo el uso de las Cookies en las condiciones contenidas en la presente Pol\u00edtica de Cookies. Como usuario, tiene la posibilidad de ejercer su derecho a bloquear, eliminar y rechazar el uso de Cookies, en todo momento, modificando las opciones de su navegador.<\/p>\n<h2 style=\"text-align: left;\">3. OBJETIVOS<\/h2>\n<p style=\"text-align: left;\">La instalaci\u00f3n de las cookies permite la orientaci\u00f3n en la navegaci\u00f3n de forma m\u00e1s personalizada, mejorando la experiencia e interacci\u00f3n del usuario con los servicios que ofrece el propietario de la WEB.<\/p>\n<h2 style=\"text-align: left;\">4. TIPOS DE COOKIES<\/h2>\n<p style=\"text-align: left;\">En funci\u00f3n de la gesti\u00f3n del dominio origen de las mismas:<\/p>\n<p style=\"text-align: left;\">Propias: son aquellas que se instalan en el equipo del usuario desde el dominio gestionado por el propio editor de la Web que presta el servicio solicitado.<br \/>De terceros: Son las que se instalan en el equipo del usuario desde un dominio que es gestionado por otra entidad distinta al editor Web.<br \/>En funci\u00f3n de la duraci\u00f3n en su permanencia en el equipo\/dispositivo:<\/p>\n<p style=\"text-align: left;\">De sesi\u00f3n: son aquellas que son eliminadas una vez que el usuario finaliza la navegaci\u00f3n por la Web.<br \/>Persistentes: son las que se mantienen en el dispositivo de forma permanente y que permite a la Web tener almacenada la informaci\u00f3n necesaria para visitas posteriores agilizando el acceso a la misma.<br \/>En funci\u00f3n de la finalidad del tratamiento de los datos obtenidos, aparece una tercera clasificaci\u00f3n y cuyo n\u00famero y tipo puede variar seg\u00fan el objetivo de la propia WEB. Algunos ejemplos pueden ser:<\/p>\n<p style=\"text-align: left;\">T\u00e9cnicas: permitir el uso de las distintas opciones\/servicios asociados a la navegaci\u00f3n por la web.<br \/>De geolocalizaci\u00f3n: conocer de forma an\u00f3nima el pa\u00eds desde donde se realiza la navegaci\u00f3n, dirigiendo el contenido seg\u00fan la ubicaci\u00f3n geogr\u00e1fica, por ejemplo para determinar el idioma del usuario que utiliza la web.<br \/>De personalizaci\u00f3n: Especificar algunas caracter\u00edsticas de las opciones generales de la web.<br \/>De an\u00e1lisis: recoger informaci\u00f3n sobre el tipo de navegaci\u00f3n que se est\u00e1 realizando.<br \/>Publicitarias: mostrar banners de anuncios ajustando par\u00e1metros para la mejora en la entrega de la publicidad ayudando a la optimizaci\u00f3n de las campa\u00f1as.<br \/>De publicidad comportamental: obtener informaci\u00f3n de la navegaci\u00f3n a intervalos para segmentar el perfil del usuario y personalizar la navegaci\u00f3n en base a sus preferencias.<\/p>\n<h2 style=\"text-align: left;\">5. CONSIDERACIONES<\/h2>\n<p style=\"text-align: left;\">Teniendo en cuenta la importancia de la privacidad y la seguridad en internet, es fundamental tener el control de lo que sucede en los equipos en el momento en que se acepta la instalaci\u00f3n de las cookies.<\/p>\n<h2 style=\"text-align: left;\">6. GESTI\u00d3N DE LAS COOKIES INSTALADAS<\/h2>\n<p style=\"text-align: left;\">Cada navegador tiene su propia forma de gestionar el control de las cookies instaladas. Para ello se deber\u00e1 dirigir a la configuraci\u00f3n adecuada al navegador que tenga instalado. Dicha configuraci\u00f3n le permitir\u00e1 eliminar las cookies relacionadas a cada una de las WEB desde las que han sido instaladas.<\/p>\n<ul>\n<li style=\"text-align: left;\">Internet Explorer: Herramientas &gt; Opciones de Internet &gt; Privacidad &gt; Configuraci\u00f3n. Para m\u00e1s informaci\u00f3n, puede consultar el soporte de Microsoft o la Ayuda del navegador.<\/li>\n<li style=\"text-align: left;\">Mozilla Firefox: Herramientas &gt; Opciones &gt; Privacidad &gt; Historial &gt; Configuraci\u00f3n Personalizada. Para m\u00e1s informaci\u00f3n, puede consultar el soporte de Mozilla o la Ayuda del navegador.<\/li>\n<li style=\"text-align: left;\">Google Chrome: Configuraci\u00f3n &gt; Mostrar opciones avanzadas &gt; Privacidad -&gt; Configuraci\u00f3n de contenido. Para m\u00e1s informaci\u00f3n, puede consultar el soporte de Google o la Ayuda del navegador.<\/li>\n<li style=\"text-align: left;\">Safari: Preferencias &gt; Seguridad. Para m\u00e1s informaci\u00f3n, puede consultar el soporte de Apple o la Ayuda del navegador.<\/li>\n<li style=\"text-align: left;\">Opera: Configuraci\u00f3n &gt; Opciones &gt; Avanzado &gt; Cookies Para m\u00e1s informaci\u00f3n, puede consultar el soporte de Opera o la Ayuda del navegador.<br \/>Si utiliza otro navegador distinto a los anteriores, deber\u00e1 consultar la informaci\u00f3n relativa a la gesti\u00f3n de cookies para ese navegador.<\/li>\n<\/ul>\n<h2 style=\"text-align: left;\">7. NUESTRAS COOKIES<\/h2>\n<p style=\"text-align: left;\">De an\u00e1lisis. Cookies que permiten cuantificar el n\u00famero de usuarios y as\u00ed realizar la medici\u00f3n y an\u00e1lisis estad\u00edstico de la utilizaci\u00f3n que hacen los usuarios de la web. Proveedor: Google Analytic<\/p>\n<\/div>\n<\/div>\n<\/div>\n<\/div>\n<\/div>\n<\/div><\/div><\/div><\/div><\/div>\n","protected":false},"excerpt":{"rendered":"","protected":false},"author":1,"featured_media":0,"parent":0,"menu_order":0,"comment_status":"closed","ping_status":"closed","template":"","meta":{"_monsterinsights_skip_tracking":false,"_monsterinsights_sitenote_active":false,"_monsterinsights_sitenote_note":"","_monsterinsights_sitenote_category":0,"footnotes":""},"class_list":["post-3301","page","type-page","status-publish","hentry"],"yoast_head":"<!-- This site is optimized with the Yoast SEO plugin v27.1 - https:\/\/yoast.com\/product\/yoast-seo-wordpress\/ -->\n<title>Pol\u00edtica de cookies - Bons Andratx<\/title>\n<meta name=\"robots\" content=\"index, follow, max-snippet:-1, max-image-preview:large, max-video-preview:-1\" \/>\n<link rel=\"canonical\" href=\"https:\/\/bonsandratx.com\/es\/politica-de-cookies\/\" \/>\n<meta property=\"og:locale\" content=\"es_ES\" \/>\n<meta property=\"og:type\" content=\"article\" \/>\n<meta property=\"og:title\" content=\"Pol\u00edtica de cookies - Bons Andratx\" \/>\n<meta property=\"og:url\" content=\"https:\/\/bonsandratx.com\/es\/politica-de-cookies\/\" \/>\n<meta property=\"og:site_name\" content=\"Bons Andratx\" \/>\n<meta property=\"article:modified_time\" content=\"2023-02-10T10:57:09+00:00\" \/>\n<meta name=\"twitter:card\" content=\"summary_large_image\" \/>\n<meta name=\"twitter:label1\" content=\"Tiempo de lectura\" \/>\n\t<meta name=\"twitter:data1\" content=\"5 minutos\" \/>\n<script type=\"application\/ld+json\" class=\"yoast-schema-graph\">{\"@context\":\"https:\/\/schema.org\",\"@graph\":[{\"@type\":\"WebPage\",\"@id\":\"https:\/\/bonsandratx.com\/es\/politica-de-cookies\/\",\"url\":\"https:\/\/bonsandratx.com\/es\/politica-de-cookies\/\",\"name\":\"Pol\u00edtica de cookies - Bons Andratx\",\"isPartOf\":{\"@id\":\"https:\/\/bonsandratx.com\/es\/#website\"},\"datePublished\":\"2023-02-10T10:54:10+00:00\",\"dateModified\":\"2023-02-10T10:57:09+00:00\",\"breadcrumb\":{\"@id\":\"https:\/\/bonsandratx.com\/es\/politica-de-cookies\/#breadcrumb\"},\"inLanguage\":\"es\",\"potentialAction\":[{\"@type\":\"ReadAction\",\"target\":[\"https:\/\/bonsandratx.com\/es\/politica-de-cookies\/\"]}]},{\"@type\":\"BreadcrumbList\",\"@id\":\"https:\/\/bonsandratx.com\/es\/politica-de-cookies\/#breadcrumb\",\"itemListElement\":[{\"@type\":\"ListItem\",\"position\":1,\"name\":\"Portada\",\"item\":\"https:\/\/bonsandratx.com\/es\/\"},{\"@type\":\"ListItem\",\"position\":2,\"name\":\"Pol\u00edtica de cookies\"}]},{\"@type\":\"WebSite\",\"@id\":\"https:\/\/bonsandratx.com\/es\/#website\",\"url\":\"https:\/\/bonsandratx.com\/es\/\",\"name\":\"Bons Andratx\",\"description\":\"\",\"potentialAction\":[{\"@type\":\"SearchAction\",\"target\":{\"@type\":\"EntryPoint\",\"urlTemplate\":\"https:\/\/bonsandratx.com\/es\/?s={search_term_string}\"},\"query-input\":{\"@type\":\"PropertyValueSpecification\",\"valueRequired\":true,\"valueName\":\"search_term_string\"}}],\"inLanguage\":\"es\"}]}<\/script>\n<!-- \/ Yoast SEO plugin. -->","yoast_head_json":{"title":"Pol\u00edtica de cookies - Bons Andratx","robots":{"index":"index","follow":"follow","max-snippet":"max-snippet:-1","max-image-preview":"max-image-preview:large","max-video-preview":"max-video-preview:-1"},"canonical":"https:\/\/bonsandratx.com\/es\/politica-de-cookies\/","og_locale":"es_ES","og_type":"article","og_title":"Pol\u00edtica de cookies - Bons Andratx","og_url":"https:\/\/bonsandratx.com\/es\/politica-de-cookies\/","og_site_name":"Bons Andratx","article_modified_time":"2023-02-10T10:57:09+00:00","twitter_card":"summary_large_image","twitter_misc":{"Tiempo de lectura":"5 minutos"},"schema":{"@context":"https:\/\/schema.org","@graph":[{"@type":"WebPage","@id":"https:\/\/bonsandratx.com\/es\/politica-de-cookies\/","url":"https:\/\/bonsandratx.com\/es\/politica-de-cookies\/","name":"Pol\u00edtica de cookies - Bons Andratx","isPartOf":{"@id":"https:\/\/bonsandratx.com\/es\/#website"},"datePublished":"2023-02-10T10:54:10+00:00","dateModified":"2023-02-10T10:57:09+00:00","breadcrumb":{"@id":"https:\/\/bonsandratx.com\/es\/politica-de-cookies\/#breadcrumb"},"inLanguage":"es","potentialAction":[{"@type":"ReadAction","target":["https:\/\/bonsandratx.com\/es\/politica-de-cookies\/"]}]},{"@type":"BreadcrumbList","@id":"https:\/\/bonsandratx.com\/es\/politica-de-cookies\/#breadcrumb","itemListElement":[{"@type":"ListItem","position":1,"name":"Portada","item":"https:\/\/bonsandratx.com\/es\/"},{"@type":"ListItem","position":2,"name":"Pol\u00edtica de cookies"}]},{"@type":"WebSite","@id":"https:\/\/bonsandratx.com\/es\/#website","url":"https:\/\/bonsandratx.com\/es\/","name":"Bons Andratx","description":"","potentialAction":[{"@type":"SearchAction","target":{"@type":"EntryPoint","urlTemplate":"https:\/\/bonsandratx.com\/es\/?s={search_term_string}"},"query-input":{"@type":"PropertyValueSpecification","valueRequired":true,"valueName":"search_term_string"}}],"inLanguage":"es"}]}},"_links":{"self":[{"href":"https:\/\/bonsandratx.com\/es\/wp-json\/wp\/v2\/pages\/3301","targetHints":{"allow":["GET"]}}],"collection":[{"href":"https:\/\/bonsandratx.com\/es\/wp-json\/wp\/v2\/pages"}],"about":[{"href":"https:\/\/bonsandratx.com\/es\/wp-json\/wp\/v2\/types\/page"}],"author":[{"embeddable":true,"href":"https:\/\/bonsandratx.com\/es\/wp-json\/wp\/v2\/users\/1"}],"replies":[{"embeddable":true,"href":"https:\/\/bonsandratx.com\/es\/wp-json\/wp\/v2\/comments?post=3301"}],"version-history":[{"count":3,"href":"https:\/\/bonsandratx.com\/es\/wp-json\/wp\/v2\/pages\/3301\/revisions"}],"predecessor-version":[{"id":3304,"href":"https:\/\/bonsandratx.com\/es\/wp-json\/wp\/v2\/pages\/3301\/revisions\/3304"}],"wp:attachment":[{"href":"https:\/\/bonsandratx.com\/es\/wp-json\/wp\/v2\/media?parent=3301"}],"curies":[{"name":"wp","href":"https:\/\/api.w.org\/{rel}","templated":true}]}}